{"id":10,"date":"2023-01-15T10:06:39","date_gmt":"2023-01-15T09:06:39","guid":{"rendered":"http:\/\/wp.ferienwohnung-dornumersiel.info\/?page_id=10"},"modified":"2023-02-26T12:06:05","modified_gmt":"2023-02-26T11:06:05","slug":"ausstattung","status":"publish","type":"page","link":"https:\/\/www.ferienwohnung-dornumersiel.info\/index.php\/ausstattung\/","title":{"rendered":"Ausstattung"},"content":{"rendered":"\n<ul class=\"wp-block-list\">\n<li>K\u00fcche mit 4-Platten-Herd, Sp\u00fclmaschine, K\u00fchlschrank, Mikrowelle, Kaffee-Pad-Maschine (Senseo)<\/li>\n\n\n\n<li>Wohn-Essbereich mit Sitzelementen und Fernsehger\u00e4t<\/li>\n\n\n\n<li>Schlafzimmer mit Doppelbett (200 x 200 cm) incl. Decken und Kleiderschrank<\/li>\n\n\n\n<li>Kinderzimmer mit Bett 140cm x 200cm incl. Decken<\/li>\n\n\n\n<li>Abstellkammer mit Stromanschluss *<\/li>\n\n\n\n<li>Toilette und Dusche<\/li>\n\n\n\n<li>Ein G\u00e4stehandtuch und ein Geschirrabtrocken Tuch<\/li>\n\n\n\n<li>Es steht ein Staubsauger sowie Besen und Reinigungsutensilien zur Verf\u00fcgung<\/li>\n\n\n\n<li>Im Keller befindet sich ein Waschraum mit Waschmaschine und Trockner mit M\u00fcnzeinwurf<\/li>\n\n\n\n<li>Kostenloser G\u00e4stezugang zum W-Lan<\/li>\n<\/ul>\n\n\n\n<ul class=\"wp-block-list\">\n<li>*Da in der Zeit in der die FeWo nicht benutzt wird der Strom abgeschaltet wird, bitte im Stromkasten in der unteren Reihe den Sicherungsschalter nach oben dr\u00fccken und so den Strom einschalten!<\/li>\n<\/ul>\n","protected":false},"excerpt":{"rendered":"","protected":false},"author":1,"featured_media":0,"parent":0,"menu_order":0,"comment_status":"closed","ping_status":"closed","template":"","meta":{"ngg_post_thumbnail":0,"footnotes":""},"class_list":["post-10","page","type-page","status-publish","hentry","entry"],"_links":{"self":[{"href":"https:\/\/www.ferienwohnung-dornumersiel.info\/index.php\/wp-json\/wp\/v2\/pages\/10","targetHints":{"allow":["GET"]}}],"collection":[{"href":"https:\/\/www.ferienwohnung-dornumersiel.info\/index.php\/wp-json\/wp\/v2\/pages"}],"about":[{"href":"https:\/\/www.ferienwohnung-dornumersiel.info\/index.php\/wp-json\/wp\/v2\/types\/page"}],"author":[{"embeddable":true,"href":"https:\/\/www.ferienwohnung-dornumersiel.info\/index.php\/wp-json\/wp\/v2\/users\/1"}],"replies":[{"embeddable":true,"href":"https:\/\/www.ferienwohnung-dornumersiel.info\/index.php\/wp-json\/wp\/v2\/comments?post=10"}],"version-history":[{"count":7,"href":"https:\/\/www.ferienwohnung-dornumersiel.info\/index.php\/wp-json\/wp\/v2\/pages\/10\/revisions"}],"predecessor-version":[{"id":119,"href":"https:\/\/www.ferienwohnung-dornumersiel.info\/index.php\/wp-json\/wp\/v2\/pages\/10\/revisions\/119"}],"wp:attachment":[{"href":"https:\/\/www.ferienwohnung-dornumersiel.info\/index.php\/wp-json\/wp\/v2\/media?parent=10"}],"curies":[{"name":"wp","href":"https:\/\/api.w.org\/{rel}","templated":true}]}}