{"id":14,"date":"2023-01-15T10:07:11","date_gmt":"2023-01-15T09:07:11","guid":{"rendered":"http:\/\/wp.ferienwohnung-dornumersiel.info\/?page_id=14"},"modified":"2023-02-26T13:52:26","modified_gmt":"2023-02-26T12:52:26","slug":"hausordnung","status":"publish","type":"page","link":"https:\/\/www.ferienwohnung-dornumersiel.info\/index.php\/hausordnung\/","title":{"rendered":"Hausordnung"},"content":{"rendered":"\n<p class=\"has-text-align-center\"><strong>Die Ferienwohnung ist eine <\/strong><strong>Nichtraucherwohnung.<\/strong><\/p>\n\n\n\n<p class=\"has-text-align-center\"><strong>Wir bitten Sie daher, NICHT in der Wohnung zu rauchen!<\/strong><\/p>\n\n\n\n<p>Liebe G\u00e4ste!<\/p>\n\n\n\n<p>Wir freuen uns, dass Sie sich f\u00fcr unsere Ferienwohnung im sch\u00f6nen Ostfriesland entschieden haben und begr\u00fc\u00dfen Sie herzlich. Die Ferienwohnung soll Ihnen ein zweites zu Hause sein. Sie sollten sich wohlf\u00fchlen, entspannen und erholen k\u00f6nnen. Mit der Einrichtung haben wir uns viel M\u00fche gegeben und hoffen, dass Sie alles vorfinden, was Sie ben\u00f6tigen. Die Nachstehende Hausordnung ist eine Hilfestellung f\u00fcr einen harmonischen Aufenthalt.&nbsp; Durch eine pflegliche Behandlung der Wohnung helfen Sie uns, auch in Zukunft, Ihnen und anderen G\u00e4sten einen angenehmen Aufenthalt zu bieten<\/p>\n\n\n\n<p><strong>Allgemein<\/strong><\/p>\n\n\n\n<p>Sollten Sie irgendetwas in der Einrichtung vermissen oder wenn Sie Hilfe brauchen, wenden Sie sich an uns.                                                                                                                                                              S\u00e4mtliche Dinge, die sich in der Ferienwohnung befinden, d\u00fcrfen und sollen von Ihnen benutzt werden. Bitte gehen Sie mit der gesamten Einrichtung und dem Inventar sorgsam um und behandeln Sie das Mietobjekt pfleglich. <strong>Tragen Sie bitte auch daf\u00fcr Sorge, dass auch Ihre<\/strong> <strong>Mitreisenden, die Mietbedingungen einhalten.<\/strong><\/p>\n\n\n\n<p><strong>An- und Abreise<\/strong><\/p>\n\n\n\n<p>Die Ferienwohnung ist am <strong>Anreisetag <\/strong>ab 15.00 Uhr bezugsfrei. Bitte teilen Sie uns Ihre voraussichtliche Ankunftszeit am Vortag mit.<\/p>\n\n\n\n<p>Am <strong>Abreisetag <\/strong>ist die Wohnung bis 11.00 Uhr besenrein zu \u00fcbergeben. Alles benutzte Geschirr ist wieder sauber in die Schr\u00e4nke einzur\u00e4umen, den M\u00fcll bitte getrennt entsorgen. <\/p>\n\n\n\n<p><strong>Bad<\/strong><\/p>\n\n\n\n<p>In Dusche und Toilette d\u00fcrfen keine Hygieneprodukte, Abf\u00e4lle, Essensreste, sch\u00e4dliche Fl\u00fcssigkeiten, Fette o.\u00e4. entsorgt werden, da es sonst zu unangenehmen Verstopfungen kommen kann. <\/p>\n\n\n\n<p><strong>Besch\u00e4digungen<\/strong><\/p>\n\n\n\n<p>Niemand besch\u00e4digt absichtlich Sachen, es kann jedoch passieren, dass einmal etwas kaputt geht. Teilen Sie uns umgehend den entstandenen Schaden mit.                                                                                             Sie haften grunds\u00e4tzlich f\u00fcr Besch\u00e4digungen in H\u00f6he der Wiederbeschaffungskosten. Bei gr\u00f6\u00dferen Sch\u00e4den stellen wir Ihnen den Wiederbeschaffungswert, die Reparaturkosten sowie den Nutzungsausfall der Ferienwohnung bis zur Wiederherstellung des Ursprungszustandes in Rechnung.<\/p>\n\n\n\n<p><strong>Bezahlung<\/strong>                                                                                                                                                               Bei Buchung wird eine Anzahlung von 50% des Mietpreises&nbsp;f\u00e4llig, erst danach erhalten Sie eine Best\u00e4tigung Ihrer Buchung. Der Restbetrag muss sp\u00e4testens 14 Tag vor Anreise auf unserem Konto sein.<\/p>\n\n\n\n<p><strong>Buchung<\/strong><\/p>\n\n\n\n<p>Buchungsanfragen richten Sie bitte telefonisch oder per Mail \u00fcber unser Buchungsanfrageformular an uns. Buchungen werden von uns per E-Mail best\u00e4tigt. Die Reservierung ist erst nach unserer Best\u00e4tigung und dem Geldeingang verbindlich.<\/p>\n\n\n\n<p><strong>Endreinigung<\/strong><\/p>\n\n\n\n<p>Die Kosten der Endreinigung sind mit einer Pauschale von 50,00 \u20ac abgegolten. Sie sind auf einen normalen Reinigungsaufwand kalkuliert. Die Wohnung ist bei der Abreise besenrein zu verlassen, Geschirr muss gewaschen und einger\u00e4umt sein, den M\u00fcll bitte trennen und entsorgen.<\/p>\n\n\n\n<p>Sollten bei der Abreise noch besonders starke Verschmutzungen vorhanden sein, werden diese nach Aufwand in Rechnung gestellt.<\/p>\n\n\n\n<p><strong>Haftung<\/strong><\/p>\n\n\n\n<p>F\u00fcr alle von Ihnen eingebrachten Sachen \u00fcbernehmen wir keine Haftung. Die Benutzung der Wege zur Wohnung, in der Wohnung, der Treppen und Einrichtung etc. erfolgt auf eigene Gefahr.<\/p>\n\n\n\n<p><strong>Bettw\u00e4sch<\/strong>e<\/p>\n\n\n\n<p>Bettw\u00e4sche kann zu einem Preis von 35,00 \u20ac pro Person zugebucht werden. <\/p>\n\n\n\n<p><strong>Hausrecht<\/strong><\/p>\n\n\n\n<p>Unter bestimmten Umst\u00e4nden (kommt selten vor) kann es notwendig sein, dass der Vermieter oder die Hausverwaltung die Ferienwohnung ohne Wissen des Gastes betreten muss.<\/p>\n\n\n\n<p><strong>Haustiere<\/strong><\/p>\n\n\n\n<p>Tiere in der Wohnung sind <strong>nicht erlaubt<\/strong><\/p>\n\n\n\n<p><strong>Internet\/WLAN<\/strong><\/p>\n\n\n\n<p>Kann kostenlos genutzt werden. Das Passwort f\u00fcr den G\u00e4stezugang erhalten Sie mit der Buchungsbest\u00e4tigung.<\/p>\n\n\n\n<p><strong>K\u00fcche<\/strong><\/p>\n\n\n\n<p>Bitte gehen Sie mit der K\u00fcche und der vorhandenen Einrichtung pfleglich um.<\/p>\n\n\n\n<p>Wenn der Geschirrsp\u00fcler nicht voll beladen ist, benutzen Sie bitte das Kurzprogramm. Beachten Sie, dass das Geschirr nur im sauberen Zustand wieder in die Schr\u00e4nke einger\u00e4umt wird, Gleiches gilt auch f\u00fcr Besteck, T\u00f6pfe und Ger\u00e4te, die Sie benutzt haben.                                                                                                                                 In das Sp\u00fclbecken d\u00fcrfen keine Abf\u00e4lle, Essensreste, sch\u00e4dliche Fl\u00fcssigkeiten, Fette o.\u00e4. geworfen bzw. gesch\u00fcttet werden, da es sonst zu unangenehmen Verstopfungen kommen kann.<\/p>\n\n\n\n<p><strong>M\u00fcll<\/strong><\/p>\n\n\n\n<p>Da wir zur M\u00fclltrennung verpflichtet sind, bitten wir Sie, uns dabei zu helfen.<\/p>\n\n\n\n<p><strong>Der M\u00fcll ist zu trennen nach:<\/strong><\/p>\n\n\n\n<p>Verpackungsmaterial gem. gelben Sack (alle Verpackungen mit dem gr\u00fcnen Punkt, keine Essensreste. Papier<\/p>\n\n\n\n<p>Altglas<\/p>\n\n\n\n<p>Bioabfall<\/p>\n\n\n\n<p>Restm\u00fcll (Essensreste, alles was nicht unter den vier ersten Kategorien f\u00e4llt)<\/p>\n\n\n\n<p><strong>Parken<\/strong><\/p>\n\n\n\n<p>Zur Wohnung geh\u00f6rt der Parkplatz Nr. 3 im Innenhof. Bitte stellen Sie Ihr Fahrzeug so ab, dass die G\u00e4ste von 4 und 5 auch auf ihre Pl\u00e4tze kommen.<\/p>\n\n\n\n<p><strong>Ruhezeiten<\/strong><\/p>\n\n\n\n<p>Im Sinne der guten Nachbarschaft bitten wir Sie, dass von 22.00 Uhr bis 6.00 die Nachtruhe eingehalten wird.<\/p>\n\n\n\n<p><strong>Schl\u00fcssel<\/strong><\/p>\n\n\n\n<p>Sie erhalten 1 Schl\u00fcssel, der passt sowohl an die Eingangst\u00fcr als auch die Wohnungs- und Kellert\u00fcr zum Fahrradkeller und Waschraum. Bitte geben Sie den Schl\u00fcssel nie aus der Hand. Ein Verlust des Schl\u00fcssels ist umgehend zu melden, Sie haften f\u00fcr den Austausch der Schl\u00f6sser.                                                                                                      Den Schl\u00fcssel f\u00fcr die Wohnung finden Sie im Schl\u00fcssel-Safe links neben der Eingangst\u00fcr. (Wenn Sie im Hof stehen, die Eingangst\u00fcr auf der rechten Seite!) Die Nr. f\u00fcr den Safe erhalten Sie mit der Buchungsbest\u00e4tigung. Sobald Sie den Schl\u00fcssel entnommen haben Schlie\u00dfen Sie den Safe wieder und verstellen die Zahlenkombination. Am Abreisetag lassen Sie den Schl\u00fcssel bitte in der Wohnung, an den Haken neben der Eingangst\u00fcr h\u00e4ngen und ziehen nur die T\u00fcr zu &#8211; aber erst wenn Sie nicht mehr in die Wohnung m\u00fcssen!<\/p>\n\n\n\n<p><strong>Sorgfaltspflicht:<\/strong><\/p>\n\n\n\n<p><strong>Fenster und T\u00fcren sind beim Verlassen der Wohnung zu schlie\u00dfen, um Sch\u00e4den die durch Witterungseinfl\u00fcsse entstehen k\u00f6nnen, zu vermeiden.<\/strong><\/p>\n\n\n\n<p>Bitte beachten Sie beim Verlassen der Wohnung ebenfalls darauf, dass das Licht ausgeschaltet und die Heizung heruntergedreht ist &nbsp;\u2013 Umwelt und Vermieter sind Ihnen dankbar!<\/p>\n\n\n\n<p>Der Vermieter haftet nicht f\u00fcr Wertgegenst\u00e4nde und Sachen des Mieters.<\/p>\n\n\n\n<p>Der Mietpreis beinhaltet die Nutzung der Wohnung Nr. 3 und des Parkplatzes Nr. 3 laut Mietvertrag.<\/p>\n\n\n\n<p><strong>R\u00fccktritt vom Vertrag<\/strong><\/p>\n\n\n\n<p>Der Gast ist berechtigt, vor Mietbeginn vom Vertrag zur\u00fcckzutreten. Im Falle eines solchen R\u00fccktritts wird vom Vermieter eine Entsch\u00e4digung geltend gemacht, und zwar wie folgt: R\u00fccktritt bis 30 Tage vor Mietbeginn 10 % des Mietpreises, mindestens 100,00 \u20ac<\/p>\n\n\n\n<p>R\u00fccktritt 29 Tage bis 15 Tage vor Mietbeginn 50 % des Mietpreises.\u00a0\u00a0\u00a0\u00a0\u00a0\u00a0\u00a0\u00a0\u00a0\u00a0\u00a0\u00a0\u00a0\u00a0\u00a0\u00a0\u00a0\u00a0\u00a0\u00a0\u00a0\u00a0\u00a0\u00a0\u00a0\u00a0\u00a0\u00a0\u00a0\u00a0\u00a0\u00a0\u00a0\u00a0\u00a0\u00a0\u00a0\u00a0\u00a0                                                                          R\u00fccktritt 14 Tage vor Mietbeginn bis Mietbeginn 90 % des Mietpreises.\u00a0<\/p>\n\n\n\n<p><strong>Vorzeitige Abreise<\/strong>                                                                                                                                               Bei einer vorzeitigen Abreise des Gastes besteht kein Anspruch auf eine teilweise Erstattung des Mietpreises.<\/p>\n\n\n\n<p>Wir w\u00fcnschen Ihnen einen angenehmen Aufenthalt!<\/p>\n","protected":false},"excerpt":{"rendered":"<p>Die Ferienwohnung ist eine Nichtraucherwohnung. Wir bitten Sie daher, NICHT in der Wohnung zu rauchen! Liebe G\u00e4ste! Wir freuen uns, dass Sie sich f\u00fcr unsere Ferienwohnung im sch\u00f6nen Ostfriesland entschieden haben und begr\u00fc\u00dfen Sie herzlich. Die Ferienwohnung soll Ihnen ein zweites zu Hause sein. Sie sollten sich wohlf\u00fchlen, entspannen und erholen k\u00f6nnen. Mit der Einrichtung&hellip; <a class=\"more-link\" href=\"https:\/\/www.ferienwohnung-dornumersiel.info\/index.php\/hausordnung\/\"><span class=\"screen-reader-text\">Hausordnung<\/span> weiterlesen<\/a><\/p>\n","protected":false},"author":1,"featured_media":0,"parent":0,"menu_order":0,"comment_status":"closed","ping_status":"closed","template":"","meta":{"ngg_post_thumbnail":0,"footnotes":""},"class_list":["post-14","page","type-page","status-publish","hentry","entry"],"_links":{"self":[{"href":"https:\/\/www.ferienwohnung-dornumersiel.info\/index.php\/wp-json\/wp\/v2\/pages\/14","targetHints":{"allow":["GET"]}}],"collection":[{"href":"https:\/\/www.ferienwohnung-dornumersiel.info\/index.php\/wp-json\/wp\/v2\/pages"}],"about":[{"href":"https:\/\/www.ferienwohnung-dornumersiel.info\/index.php\/wp-json\/wp\/v2\/types\/page"}],"author":[{"embeddable":true,"href":"https:\/\/www.ferienwohnung-dornumersiel.info\/index.php\/wp-json\/wp\/v2\/users\/1"}],"replies":[{"embeddable":true,"href":"https:\/\/www.ferienwohnung-dornumersiel.info\/index.php\/wp-json\/wp\/v2\/comments?post=14"}],"version-history":[{"count":8,"href":"https:\/\/www.ferienwohnung-dornumersiel.info\/index.php\/wp-json\/wp\/v2\/pages\/14\/revisions"}],"predecessor-version":[{"id":128,"href":"https:\/\/www.ferienwohnung-dornumersiel.info\/index.php\/wp-json\/wp\/v2\/pages\/14\/revisions\/128"}],"wp:attachment":[{"href":"https:\/\/www.ferienwohnung-dornumersiel.info\/index.php\/wp-json\/wp\/v2\/media?parent=14"}],"curies":[{"name":"wp","href":"https:\/\/api.w.org\/{rel}","templated":true}]}}