{"id":16,"date":"2023-01-15T10:07:21","date_gmt":"2023-01-15T09:07:21","guid":{"rendered":"http:\/\/wp.ferienwohnung-dornumersiel.info\/?page_id=16"},"modified":"2023-02-26T14:52:00","modified_gmt":"2023-02-26T13:52:00","slug":"partner","status":"publish","type":"page","link":"https:\/\/www.ferienwohnung-dornumersiel.info\/index.php\/partner\/","title":{"rendered":"Links"},"content":{"rendered":"\n<p><a href=\"https:\/\/www.ferienwohnungdachau-werner.de\/\" target=\"_blank\" rel=\"noreferrer noopener\">Herzlich Willkommen bei Familie M\u00fcller und Werner &#8211; ferienwohnungdachau-werner Webseite!<\/a><\/p>\n\n\n\n<p>Im n\u00e4chsten Urlaub wollen Sie Bayern erkunden und suchen noch eine Unterkunft in der n\u00e4he von M\u00fcnchen? Schauen Sie doch einfach in der Ferienwohnung M\u00fcller und Werner vorbei!<\/p>\n","protected":false},"excerpt":{"rendered":"<p>Herzlich Willkommen bei Familie M\u00fcller und Werner &#8211; ferienwohnungdachau-werner Webseite! Im n\u00e4chsten Urlaub wollen Sie Bayern erkunden und suchen noch eine Unterkunft in der n\u00e4he von M\u00fcnchen? Schauen Sie doch einfach in der Ferienwohnung M\u00fcller und Werner vorbei!<\/p>\n","protected":false},"author":1,"featured_media":0,"parent":0,"menu_order":0,"comment_status":"closed","ping_status":"closed","template":"","meta":{"ngg_post_thumbnail":0,"footnotes":""},"class_list":["post-16","page","type-page","status-publish","hentry","entry"],"_links":{"self":[{"href":"https:\/\/www.ferienwohnung-dornumersiel.info\/index.php\/wp-json\/wp\/v2\/pages\/16","targetHints":{"allow":["GET"]}}],"collection":[{"href":"https:\/\/www.ferienwohnung-dornumersiel.info\/index.php\/wp-json\/wp\/v2\/pages"}],"about":[{"href":"https:\/\/www.ferienwohnung-dornumersiel.info\/index.php\/wp-json\/wp\/v2\/types\/page"}],"author":[{"embeddable":true,"href":"https:\/\/www.ferienwohnung-dornumersiel.info\/index.php\/wp-json\/wp\/v2\/users\/1"}],"replies":[{"embeddable":true,"href":"https:\/\/www.ferienwohnung-dornumersiel.info\/index.php\/wp-json\/wp\/v2\/comments?post=16"}],"version-history":[{"count":6,"href":"https:\/\/www.ferienwohnung-dornumersiel.info\/index.php\/wp-json\/wp\/v2\/pages\/16\/revisions"}],"predecessor-version":[{"id":155,"href":"https:\/\/www.ferienwohnung-dornumersiel.info\/index.php\/wp-json\/wp\/v2\/pages\/16\/revisions\/155"}],"wp:attachment":[{"href":"https:\/\/www.ferienwohnung-dornumersiel.info\/index.php\/wp-json\/wp\/v2\/media?parent=16"}],"curies":[{"name":"wp","href":"https:\/\/api.w.org\/{rel}","templated":true}]}}