{"id":8,"date":"2023-01-15T10:05:19","date_gmt":"2023-01-15T09:05:19","guid":{"rendered":"http:\/\/wp.ferienwohnung-dornumersiel.info\/?page_id=8"},"modified":"2023-05-24T13:27:51","modified_gmt":"2023-05-24T11:27:51","slug":"willkommen","status":"publish","type":"page","link":"https:\/\/www.ferienwohnung-dornumersiel.info\/","title":{"rendered":"Willkommen"},"content":{"rendered":"\n<p class=\"has-text-align-center\"><img loading=\"lazy\" decoding=\"async\" width=\"600\" height=\"241\" class=\"wp-image-113\" style=\"width: 600px;\" src=\"http:\/\/www.ferienwohnung-dornumersiel.info\/wp-content\/uploads\/2023\/01\/cropped-IMG_0079-1-scaled-e1673778064570.jpg\" alt=\"\" srcset=\"https:\/\/www.ferienwohnung-dornumersiel.info\/wp-content\/uploads\/2023\/01\/cropped-IMG_0079-1-scaled-e1673778064570.jpg 1595w, https:\/\/www.ferienwohnung-dornumersiel.info\/wp-content\/uploads\/2023\/01\/cropped-IMG_0079-1-scaled-e1673778064570-300x120.jpg 300w, https:\/\/www.ferienwohnung-dornumersiel.info\/wp-content\/uploads\/2023\/01\/cropped-IMG_0079-1-scaled-e1673778064570-1024x411.jpg 1024w, https:\/\/www.ferienwohnung-dornumersiel.info\/wp-content\/uploads\/2023\/01\/cropped-IMG_0079-1-scaled-e1673778064570-768x308.jpg 768w, https:\/\/www.ferienwohnung-dornumersiel.info\/wp-content\/uploads\/2023\/01\/cropped-IMG_0079-1-scaled-e1673778064570-1536x616.jpg 1536w, https:\/\/www.ferienwohnung-dornumersiel.info\/wp-content\/uploads\/2023\/01\/cropped-IMG_0079-1-scaled-e1673778064570-1568x629.jpg 1568w\" sizes=\"auto, (max-width: 600px) 100vw, 600px\" \/>    <\/p>\n\n\n\n<p>                                                                                                                Herzlich Willkommen in unserer Ferienwohnung an der Nordsee in Dornumersiel\/Westeraccumersiel Ostfriesland. Sie finden in der Ferienwohnung alles vor, was Sie f\u00fcr einen erholsamen Urlaub an der Nordsee ben\u00f6tigen. Falls Sie irgendwelche Einrichtungsgegenst\u00e4nde vermissen, dann lassen Sie es uns wissen. <\/p>\n\n\n\n<p>Die ca. 50 qm gro\u00dfe Wohnung befindet sich direkt \u00fcber dem &#8222;Therapie- und Wohlf\u00fchlzentrum&#8220; im &#8222;Sielhof&#8220; in Westeraccumersiel, mit folgender Ausstattung:<\/p>\n\n\n\n<ul class=\"wp-block-list\">\n<li>Ein gro\u00dfes Wohnzimmer mit Sitzecke, Flachbild-TV.<\/li>\n\n\n\n<li>K\u00fcche mit 4-Plattenherd, Mikrowelle, Sp\u00fclmaschine, K\u00fchlschrank mit kleinem Gefrierfach, Kaffee- + Senseo Maschine.<\/li>\n\n\n\n<li>Essplatz<\/li>\n\n\n\n<li>2 Schlafzimmer, eins mit Doppelbett, das Andere mit 140 cm breitem Bett.<\/li>\n\n\n\n<li>Bad mit Dusche und WC, <\/li>\n\n\n\n<li>Abstellraum.&nbsp;<\/li>\n\n\n\n<li>Pkw-Stellplatz Nr. 3 im Innenhof.&nbsp;<\/li>\n\n\n\n<li>Gemeinschafts-Fahradkeller<\/li>\n\n\n\n<li>Mitbenutzung von Waschmaschine und Trockner gegen Geb\u00fchr.&nbsp;<\/li>\n\n\n\n<li>Einkaufsm\u00f6glichkeiten, B\u00e4ckerei und Gastronomie in unmittelbarer Nachbarschaft.&nbsp;<\/li>\n\n\n\n<li>Strand + Schwimmbad ( Freibad ) fu\u00dfl\u00e4ufig in ca. 10 -15 Min erreichbar.<\/li>\n<\/ul>\n\n\n\n<p>Der Weg zum Strand f\u00fchrt Sie am Mahlbusen entlang direkt zum Meer. Auf den Spazierwegen auf dem Deich k\u00f6nnen Sie einen Blick auf die Ostfriesischen Inseln werfen. <\/p>\n\n\n\n<p>F\u00fcr Radfahrer steht ein toll ausgebautes Radwegenetz zur Verf\u00fcgung.<\/p>\n","protected":false},"excerpt":{"rendered":"<p>Herzlich Willkommen in unserer Ferienwohnung an der Nordsee in Dornumersiel\/Westeraccumersiel Ostfriesland. Sie finden in der Ferienwohnung alles vor, was Sie f\u00fcr einen erholsamen Urlaub an der Nordsee ben\u00f6tigen. Falls Sie irgendwelche Einrichtungsgegenst\u00e4nde vermissen, dann lassen Sie es uns wissen. Die ca. 50 qm gro\u00dfe Wohnung befindet sich direkt \u00fcber dem &#8222;Therapie- und Wohlf\u00fchlzentrum&#8220; im &#8222;Sielhof&#8220;&hellip; <a class=\"more-link\" href=\"https:\/\/www.ferienwohnung-dornumersiel.info\/\"><span class=\"screen-reader-text\">Willkommen<\/span> weiterlesen<\/a><\/p>\n","protected":false},"author":1,"featured_media":0,"parent":0,"menu_order":0,"comment_status":"closed","ping_status":"closed","template":"","meta":{"ngg_post_thumbnail":0,"footnotes":""},"class_list":["post-8","page","type-page","status-publish","hentry","entry"],"_links":{"self":[{"href":"https:\/\/www.ferienwohnung-dornumersiel.info\/index.php\/wp-json\/wp\/v2\/pages\/8","targetHints":{"allow":["GET"]}}],"collection":[{"href":"https:\/\/www.ferienwohnung-dornumersiel.info\/index.php\/wp-json\/wp\/v2\/pages"}],"about":[{"href":"https:\/\/www.ferienwohnung-dornumersiel.info\/index.php\/wp-json\/wp\/v2\/types\/page"}],"author":[{"embeddable":true,"href":"https:\/\/www.ferienwohnung-dornumersiel.info\/index.php\/wp-json\/wp\/v2\/users\/1"}],"replies":[{"embeddable":true,"href":"https:\/\/www.ferienwohnung-dornumersiel.info\/index.php\/wp-json\/wp\/v2\/comments?post=8"}],"version-history":[{"count":14,"href":"https:\/\/www.ferienwohnung-dornumersiel.info\/index.php\/wp-json\/wp\/v2\/pages\/8\/revisions"}],"predecessor-version":[{"id":164,"href":"https:\/\/www.ferienwohnung-dornumersiel.info\/index.php\/wp-json\/wp\/v2\/pages\/8\/revisions\/164"}],"wp:attachment":[{"href":"https:\/\/www.ferienwohnung-dornumersiel.info\/index.php\/wp-json\/wp\/v2\/media?parent=8"}],"curies":[{"name":"wp","href":"https:\/\/api.w.org\/{rel}","templated":true}]}}